{"id":2825,"date":"2024-08-23T03:42:16","date_gmt":"2024-08-23T00:42:16","guid":{"rendered":"https:\/\/mitraudit.com.tr\/our-services\/enterprise-risk-management\/"},"modified":"2024-12-11T22:43:01","modified_gmt":"2024-12-11T19:43:01","slug":"enterprise-risk-management","status":"publish","type":"page","link":"https:\/\/mitraudit.com.tr\/en\/our-services\/enterprise-risk-management\/","title":{"rendered":"Enterprise Risk Management"},"content":{"rendered":"\t\t<div data-elementor-type=\"wp-page\" data-elementor-id=\"2825\" class=\"elementor elementor-2825 elementor-1501\" data-elementor-post-type=\"page\">\n\t\t\t\t<div class=\"elementor-element elementor-element-e0e0473 e-flex e-con-boxed e-con e-parent\" data-id=\"e0e0473\" data-element_type=\"container\" data-settings=\"{&quot;background_background&quot;:&quot;classic&quot;,&quot;shape_divider_bottom&quot;:&quot;triangle&quot;,&quot;shape_divider_bottom_negative&quot;:&quot;yes&quot;,&quot;ekit_has_onepagescroll_dot&quot;:&quot;yes&quot;}\">\n\t\t\t\t\t<div class=\"e-con-inner\">\n\t\t\t\t<div class=\"elementor-shape elementor-shape-bottom\" aria-hidden=\"true\" data-negative=\"true\">\n\t\t\t<svg xmlns=\"http:\/\/www.w3.org\/2000\/svg\" viewBox=\"0 0 1000 100\" preserveAspectRatio=\"none\">\n\t<path class=\"elementor-shape-fill\" d=\"M500.2,94.7L0,0v100h1000V0L500.2,94.7z\"\/>\n<\/svg>\t\t<\/div>\n\t\t<div class=\"elementor-element elementor-element-ef9783f e-con-full e-flex e-con e-child\" data-id=\"ef9783f\" data-element_type=\"container\" data-settings=\"{&quot;ekit_has_onepagescroll_dot&quot;:&quot;yes&quot;}\">\n\t\t\t\t<div class=\"elementor-element elementor-element-441a549 elementor-widget elementor-widget-elementskit-heading\" data-id=\"441a549\" data-element_type=\"widget\" data-settings=\"{&quot;ekit_we_effect_on&quot;:&quot;none&quot;}\" data-widget_type=\"elementskit-heading.default\">\n\t\t\t\t<div class=\"elementor-widget-container\">\n\t\t\t\t\t<div class=\"ekit-wid-con\" ><div class=\"ekit-heading elementskit-section-title-wraper text_left   ekit_heading_tablet-text_left   ekit_heading_mobile-\"><\/div><\/div>\t\t\t\t<\/div>\n\t\t\t\t<\/div>\n\t\t\t\t<div class=\"elementor-element elementor-element-67ece99 elementor-widget elementor-widget-elementskit-breadcrumb\" data-id=\"67ece99\" data-element_type=\"widget\" data-settings=\"{&quot;ekit_we_effect_on&quot;:&quot;none&quot;}\" data-widget_type=\"elementskit-breadcrumb.default\">\n\t\t\t\t<div class=\"elementor-widget-container\">\n\t\t\t\t\t<div class=\"ekit-wid-con\" ><ol class=\"ekit-breadcrumb\"><li class=\"ekit_breadcrumbs_start\"><a href=\"https:\/\/mitraudit.com.tr\/en\/\">Home<\/a><\/li><\/ol><\/div>\t\t\t\t<\/div>\n\t\t\t\t<\/div>\n\t\t\t\t<\/div>\n\t\t\t\t\t<\/div>\n\t\t\t\t<\/div>\n\t\t<div class=\"elementor-element elementor-element-a6c188a e-flex e-con-boxed e-con e-parent\" data-id=\"a6c188a\" data-element_type=\"container\" data-settings=\"{&quot;ekit_has_onepagescroll_dot&quot;:&quot;yes&quot;}\">\n\t\t\t\t\t<div class=\"e-con-inner\">\n\t\t<div class=\"elementor-element elementor-element-b752fcb e-con-full e-flex elementor-invisible e-con e-child\" data-id=\"b752fcb\" data-element_type=\"container\" data-settings=\"{&quot;background_background&quot;:&quot;classic&quot;,&quot;animation&quot;:&quot;fadeInLeft&quot;,&quot;ekit_has_onepagescroll_dot&quot;:&quot;yes&quot;}\">\n\t\t\t\t<div class=\"elementor-element elementor-element-aa4a3d7 elementor-widget elementor-widget-image\" data-id=\"aa4a3d7\" data-element_type=\"widget\" data-settings=\"{&quot;ekit_we_effect_on&quot;:&quot;none&quot;}\" data-widget_type=\"image.default\">\n\t\t\t\t<div class=\"elementor-widget-container\">\n\t\t\t\t\t\t\t\t\t\t\t\t\t\t\t<img fetchpriority=\"high\" decoding=\"async\" width=\"1920\" height=\"650\" src=\"https:\/\/mitraudit.com.tr\/wp-content\/uploads\/2024\/08\/Kurumsal-Risk-Yonetimi-Header-min.jpg\" class=\"attachment-full size-full wp-image-2278\" alt=\"Kurumsal Risk Y\u00f6netimi\" srcset=\"https:\/\/mitraudit.com.tr\/wp-content\/uploads\/2024\/08\/Kurumsal-Risk-Yonetimi-Header-min.jpg 1920w, https:\/\/mitraudit.com.tr\/wp-content\/uploads\/2024\/08\/Kurumsal-Risk-Yonetimi-Header-min-300x102.jpg 300w, https:\/\/mitraudit.com.tr\/wp-content\/uploads\/2024\/08\/Kurumsal-Risk-Yonetimi-Header-min-1024x347.jpg 1024w, https:\/\/mitraudit.com.tr\/wp-content\/uploads\/2024\/08\/Kurumsal-Risk-Yonetimi-Header-min-768x260.jpg 768w, https:\/\/mitraudit.com.tr\/wp-content\/uploads\/2024\/08\/Kurumsal-Risk-Yonetimi-Header-min-1536x520.jpg 1536w\" sizes=\"(max-width: 1920px) 100vw, 1920px\" \/>\t\t\t\t\t\t\t\t\t\t\t\t\t\t\t<\/div>\n\t\t\t\t<\/div>\n\t\t\t\t<div class=\"elementor-element elementor-element-9cbc550 elementor-widget elementor-widget-heading\" data-id=\"9cbc550\" data-element_type=\"widget\" data-settings=\"{&quot;ekit_we_effect_on&quot;:&quot;none&quot;}\" data-widget_type=\"heading.default\">\n\t\t\t\t<div class=\"elementor-widget-container\">\n\t\t\t\t\t<h2 class=\"elementor-heading-title elementor-size-default\">Enterprise Risk Management<\/h2>\t\t\t\t<\/div>\n\t\t\t\t<\/div>\n\t\t\t\t<div class=\"elementor-element elementor-element-d9e6db1 elementor-align-left elementor-widget elementor-widget-elementskit-page-list\" data-id=\"d9e6db1\" data-element_type=\"widget\" data-settings=\"{&quot;ekit_we_effect_on&quot;:&quot;none&quot;}\" data-widget_type=\"elementskit-page-list.default\">\n\t\t\t\t<div class=\"elementor-widget-container\">\n\t\t\t\t\t<div class=\"ekit-wid-con\" >\t\t<div class=\"elementor-icon-list-items \">\n\t\t\t\t\t\t\t<div class=\"elementor-icon-list-item   \">\n\t\t\t\t\t\t<a class=\"elementor-repeater-item-18cb473 ekit_badge_left\" href=\"https:\/\/mitraudit.com.tr\/hizmetlerimiz\/kurumsal-risk-yonetimi\/kurumsal-risk-yonetimi-ve-ic-kontrol\/\">\n\t\t\t\t\t\t\t<div class=\"ekit_page_list_content\">\n\t\t\t\t\t\t\t\t\t\t\t\t\t\t\t\t\t<span class=\"elementor-icon-list-icon\">\n\t\t\t\t\t\t\t\t\t\t<i aria-hidden=\"true\" class=\"icon icon-play1\"><\/i>\t\t\t\t\t\t\t\t\t<\/span>\n\t\t\t\t\t\t\t\t\t\t\t\t\t\t\t\t<span class=\"elementor-icon-list-text\">\n\t\t\t\t\t\t\t\t\t<span class=\"ekit_page_list_title_title\">Enterprise Risk Management &amp; Internal Control<\/span>\n\t\t\t\t\t\t\t\t\t\t\t\t\t\t\t\t\t<\/span>\n\t\t\t\t\t\t\t<\/div>\n\t\t\t\t\t\t\t\t\t\t\t\t\t<\/a>\n\t\t\t\t\t<\/div>\n\t\t\t\t\t\t\t\t<div class=\"elementor-icon-list-item   \">\n\t\t\t\t\t\t<a class=\"elementor-repeater-item-ae7e3af ekit_badge_left\" href=\"https:\/\/mitraudit.com.tr\/hizmetlerimiz\/kurumsal-risk-yonetimi\/kurumsal-risk-yonetimi-ve-raporlama\/\">\n\t\t\t\t\t\t\t<div class=\"ekit_page_list_content\">\n\t\t\t\t\t\t\t\t\t\t\t\t\t\t\t\t\t<span class=\"elementor-icon-list-icon\">\n\t\t\t\t\t\t\t\t\t\t<i aria-hidden=\"true\" class=\"icon icon-play1\"><\/i>\t\t\t\t\t\t\t\t\t<\/span>\n\t\t\t\t\t\t\t\t\t\t\t\t\t\t\t\t<span class=\"elementor-icon-list-text\">\n\t\t\t\t\t\t\t\t\t<span class=\"ekit_page_list_title_title\">Enterprise Risk Management &amp; Reporting<\/span>\n\t\t\t\t\t\t\t\t\t\t\t\t\t\t\t\t\t<\/span>\n\t\t\t\t\t\t\t<\/div>\n\t\t\t\t\t\t\t\t\t\t\t\t\t<\/a>\n\t\t\t\t\t<\/div>\n\t\t\t\t\t\t\t\t<div class=\"elementor-icon-list-item   \">\n\t\t\t\t\t\t<a class=\"elementor-repeater-item-97d0cb2 ekit_badge_left\" href=\"https:\/\/mitraudit.com.tr\/hizmetlerimiz\/kurumsal-risk-yonetimi\/ic-denetim-ve-guvence-hizmeti\/\">\n\t\t\t\t\t\t\t<div class=\"ekit_page_list_content\">\n\t\t\t\t\t\t\t\t\t\t\t\t\t\t\t\t\t<span class=\"elementor-icon-list-icon\">\n\t\t\t\t\t\t\t\t\t\t<i aria-hidden=\"true\" class=\"icon icon-play1\"><\/i>\t\t\t\t\t\t\t\t\t<\/span>\n\t\t\t\t\t\t\t\t\t\t\t\t\t\t\t\t<span class=\"elementor-icon-list-text\">\n\t\t\t\t\t\t\t\t\t<span class=\"ekit_page_list_title_title\">Internal Audit and Assurance Service<\/span>\n\t\t\t\t\t\t\t\t\t\t\t\t\t\t\t\t\t<\/span>\n\t\t\t\t\t\t\t<\/div>\n\t\t\t\t\t\t\t\t\t\t\t\t\t<\/a>\n\t\t\t\t\t<\/div>\n\t\t\t\t\t\t\t\t<div class=\"elementor-icon-list-item   \">\n\t\t\t\t\t\t<a class=\"elementor-repeater-item-1b292c4 ekit_badge_left\" href=\"https:\/\/mitraudit.com.tr\/hizmetlerimiz\/kurumsal-risk-yonetimi\/bilgi-sistemleri-denetimi\/\">\n\t\t\t\t\t\t\t<div class=\"ekit_page_list_content\">\n\t\t\t\t\t\t\t\t\t\t\t\t\t\t\t\t\t<span class=\"elementor-icon-list-icon\">\n\t\t\t\t\t\t\t\t\t\t<i aria-hidden=\"true\" class=\"icon icon-play1\"><\/i>\t\t\t\t\t\t\t\t\t<\/span>\n\t\t\t\t\t\t\t\t\t\t\t\t\t\t\t\t<span class=\"elementor-icon-list-text\">\n\t\t\t\t\t\t\t\t\t<span class=\"ekit_page_list_title_title\">Information Systems Audit<\/span>\n\t\t\t\t\t\t\t\t\t\t\t\t\t\t\t\t\t<\/span>\n\t\t\t\t\t\t\t<\/div>\n\t\t\t\t\t\t\t\t\t\t\t\t\t<\/a>\n\t\t\t\t\t<\/div>\n\t\t\t\t\t\t<\/div>\n\t\t<\/div>\t\t\t\t<\/div>\n\t\t\t\t<\/div>\n\t\t\t\t<\/div>\n\t\t<div class=\"elementor-element elementor-element-39394b7 e-con-full e-flex elementor-invisible e-con e-child\" data-id=\"39394b7\" data-element_type=\"container\" data-settings=\"{&quot;background_background&quot;:&quot;classic&quot;,&quot;animation&quot;:&quot;fadeInLeft&quot;,&quot;ekit_has_onepagescroll_dot&quot;:&quot;yes&quot;}\">\n\t\t\t\t<div class=\"elementor-element elementor-element-bef5413 elementor-widget elementor-widget-text-editor\" data-id=\"bef5413\" data-element_type=\"widget\" data-settings=\"{&quot;ekit_we_effect_on&quot;:&quot;none&quot;}\" data-widget_type=\"text-editor.default\">\n\t\t\t\t<div class=\"elementor-widget-container\">\n\t\t\t\t\t\t\t\t\t<p>We offer effective risk management solutions to minimize financial and operational risks that businesses may face.<\/p>\n<p>We offer comprehensive services to contribute to the growth and sustainability of your business. We are with you in all your processes with our various services from tax planning and management to independent auditing, from financial consultancy to business and social security. We also support you in creating a secure business structure by minimizing the risks your business may face with our corporate risk management solutions.  <\/p>\n\t\t\t\t\t\t\t\t<\/div>\n\t\t\t\t<\/div>\n\t\t\t\t<\/div>\n\t\t\t\t\t<\/div>\n\t\t\t\t<\/div>\n\t\t<div class=\"elementor-element elementor-element-7c1229a e-flex e-con-boxed e-con e-parent\" data-id=\"7c1229a\" data-element_type=\"container\" data-settings=\"{&quot;ekit_has_onepagescroll_dot&quot;:&quot;yes&quot;}\">\n\t\t\t\t\t<div class=\"e-con-inner\">\n\t\t\t\t<div class=\"elementor-element elementor-element-01cc2ce elementor-mobile-align-center elementor-align-center elementor-widget__width-auto elementor-widget elementor-widget-button\" data-id=\"01cc2ce\" data-element_type=\"widget\" data-settings=\"{&quot;ekit_we_effect_on&quot;:&quot;none&quot;}\" data-widget_type=\"button.default\">\n\t\t\t\t<div class=\"elementor-widget-container\">\n\t\t\t\t\t\t\t\t\t<div class=\"elementor-button-wrapper\">\n\t\t\t\t\t<a class=\"elementor-button elementor-button-link elementor-size-sm elementor-animation-float\" href=\"https:\/\/mitraudit.com.tr\/en\/our-services\/\">\n\t\t\t\t\t\t<span class=\"elementor-button-content-wrapper\">\n\t\t\t\t\t\t<span class=\"elementor-button-icon\">\n\t\t\t\t<svg aria-hidden=\"true\" class=\"e-font-icon-svg e-fas-arrow-left\" viewBox=\"0 0 448 512\" xmlns=\"http:\/\/www.w3.org\/2000\/svg\"><path d=\"M257.5 445.1l-22.2 22.2c-9.4 9.4-24.6 9.4-33.9 0L7 273c-9.4-9.4-9.4-24.6 0-33.9L201.4 44.7c9.4-9.4 24.6-9.4 33.9 0l22.2 22.2c9.5 9.5 9.3 25-.4 34.3L136.6 216H424c13.3 0 24 10.7 24 24v32c0 13.3-10.7 24-24 24H136.6l120.5 114.8c9.8 9.3 10 24.8.4 34.3z\"><\/path><\/svg>\t\t\t<\/span>\n\t\t\t\t\t\t\t\t\t<span class=\"elementor-button-text\">All Services<\/span>\n\t\t\t\t\t<\/span>\n\t\t\t\t\t<\/a>\n\t\t\t\t<\/div>\n\t\t\t\t\t\t\t\t<\/div>\n\t\t\t\t<\/div>\n\t\t\t\t\t<\/div>\n\t\t\t\t<\/div>\n\t\t\t\t<\/div>\n\t\t","protected":false},"excerpt":{"rendered":"<p>Anasayfa Enterprise Risk Management Enterprise Risk Management &amp; Internal Control Enterprise Risk Management &amp; Reporting Internal Audit and Assurance Service Information Systems Audit We offer effective risk management solutions to minimize financial and operational risks that businesses may face. We offer comprehensive services to contribute to the growth and sustainability of your business. We are [&hellip;]<\/p>\n","protected":false},"author":1,"featured_media":2348,"parent":2789,"menu_order":0,"comment_status":"closed","ping_status":"closed","template":"","meta":{"footnotes":""},"class_list":["post-2825","page","type-page","status-publish","has-post-thumbnail","hentry"],"yoast_head":"<!-- This site is optimized with the Yoast SEO Premium plugin v25.7.1 (Yoast SEO v25.8) - https:\/\/yoast.com\/wordpress\/plugins\/seo\/ -->\n<title>Enterprise Risk Management | Mitra Ba\u011f\u0131ms\u0131z Denetim<\/title>\n<meta name=\"description\" content=\"Mitra minimizes your business risks with its enterprise risk management solutions and provides sustainability and confidence in your strategic decisions.\" \/>\n<meta name=\"robots\" content=\"index, follow, max-snippet:-1, max-image-preview:large, max-video-preview:-1\" \/>\n<link rel=\"canonical\" href=\"https:\/\/mitraudit.com.tr\/en\/our-services\/enterprise-risk-management\/\" \/>\n<meta property=\"og:locale\" content=\"en_US\" \/>\n<meta property=\"og:type\" content=\"article\" \/>\n<meta property=\"og:title\" content=\"Enterprise Risk Management | Mitra Ba\u011f\u0131ms\u0131z Denetim\" \/>\n<meta property=\"og:description\" content=\"Mitra minimizes your business risks with its enterprise risk management solutions and provides sustainability and confidence in your strategic decisions.\" \/>\n<meta property=\"og:url\" content=\"https:\/\/mitraudit.com.tr\/en\/our-services\/enterprise-risk-management\/\" \/>\n<meta property=\"og:site_name\" content=\"Mitra Ba\u011f\u0131ms\u0131z Denetim\" \/>\n<meta property=\"article:modified_time\" content=\"2024-12-11T19:43:01+00:00\" \/>\n<meta property=\"og:image\" content=\"https:\/\/mitraudit.com.tr\/wp-content\/uploads\/2024\/07\/Favicon-M-Circled-512x512-min.png\" \/>\n\t<meta property=\"og:image:width\" content=\"512\" \/>\n\t<meta property=\"og:image:height\" content=\"512\" \/>\n\t<meta property=\"og:image:type\" content=\"image\/png\" \/>\n<meta name=\"twitter:card\" content=\"summary_large_image\" \/>\n<meta name=\"twitter:label1\" content=\"Est. reading time\" \/>\n\t<meta name=\"twitter:data1\" content=\"1 minute\" \/>\n<script type=\"application\/ld+json\" class=\"yoast-schema-graph\">{\"@context\":\"https:\/\/schema.org\",\"@graph\":[{\"@type\":\"WebPage\",\"@id\":\"https:\/\/mitraudit.com.tr\/en\/our-services\/enterprise-risk-management\/\",\"url\":\"https:\/\/mitraudit.com.tr\/en\/our-services\/enterprise-risk-management\/\",\"name\":\"Enterprise Risk Management | Mitra Ba\u011f\u0131ms\u0131z Denetim\",\"isPartOf\":{\"@id\":\"https:\/\/mitraudit.com.tr\/en\/#website\"},\"primaryImageOfPage\":{\"@id\":\"https:\/\/mitraudit.com.tr\/en\/our-services\/enterprise-risk-management\/#primaryimage\"},\"image\":{\"@id\":\"https:\/\/mitraudit.com.tr\/en\/our-services\/enterprise-risk-management\/#primaryimage\"},\"thumbnailUrl\":\"https:\/\/mitraudit.com.tr\/wp-content\/uploads\/2024\/07\/Favicon-M-Circled-512x512-min.png\",\"datePublished\":\"2024-08-23T00:42:16+00:00\",\"dateModified\":\"2024-12-11T19:43:01+00:00\",\"description\":\"Mitra minimizes your business risks with its enterprise risk management solutions and provides sustainability and confidence in your strategic decisions.\",\"breadcrumb\":{\"@id\":\"https:\/\/mitraudit.com.tr\/en\/our-services\/enterprise-risk-management\/#breadcrumb\"},\"inLanguage\":\"en-US\",\"potentialAction\":[{\"@type\":\"ReadAction\",\"target\":[\"https:\/\/mitraudit.com.tr\/en\/our-services\/enterprise-risk-management\/\"]}]},{\"@type\":\"ImageObject\",\"inLanguage\":\"en-US\",\"@id\":\"https:\/\/mitraudit.com.tr\/en\/our-services\/enterprise-risk-management\/#primaryimage\",\"url\":\"https:\/\/mitraudit.com.tr\/wp-content\/uploads\/2024\/07\/Favicon-M-Circled-512x512-min.png\",\"contentUrl\":\"https:\/\/mitraudit.com.tr\/wp-content\/uploads\/2024\/07\/Favicon-M-Circled-512x512-min.png\",\"width\":512,\"height\":512,\"caption\":\"Favicon\"},{\"@type\":\"BreadcrumbList\",\"@id\":\"https:\/\/mitraudit.com.tr\/en\/our-services\/enterprise-risk-management\/#breadcrumb\",\"itemListElement\":[{\"@type\":\"ListItem\",\"position\":1,\"name\":\"Home\",\"item\":\"https:\/\/mitraudit.com.tr\/en\/homepage\/\"},{\"@type\":\"ListItem\",\"position\":2,\"name\":\"Our Services\",\"item\":\"https:\/\/mitraudit.com.tr\/en\/our-services\/\"},{\"@type\":\"ListItem\",\"position\":3,\"name\":\"Enterprise Risk Management\"}]},{\"@type\":\"WebSite\",\"@id\":\"https:\/\/mitraudit.com.tr\/en\/#website\",\"url\":\"https:\/\/mitraudit.com.tr\/en\/\",\"name\":\"Mitra Ba\u011f\u0131ms\u0131z Denetim\",\"description\":\"Sermaye Piyasas\u0131 &amp; Halka Arz\",\"publisher\":{\"@id\":\"https:\/\/mitraudit.com.tr\/en\/#organization\"},\"alternateName\":\"mitra\",\"potentialAction\":[{\"@type\":\"SearchAction\",\"target\":{\"@type\":\"EntryPoint\",\"urlTemplate\":\"https:\/\/mitraudit.com.tr\/en\/?s={search_term_string}\"},\"query-input\":{\"@type\":\"PropertyValueSpecification\",\"valueRequired\":true,\"valueName\":\"search_term_string\"}}],\"inLanguage\":\"en-US\"},{\"@type\":\"Organization\",\"@id\":\"https:\/\/mitraudit.com.tr\/en\/#organization\",\"name\":\"Mitra Ba\u011f\u0131ms\u0131z Denetim A.\u015e.\",\"alternateName\":\"Mitra\",\"url\":\"https:\/\/mitraudit.com.tr\/en\/\",\"logo\":{\"@type\":\"ImageObject\",\"inLanguage\":\"en-US\",\"@id\":\"https:\/\/mitraudit.com.tr\/en\/#\/schema\/logo\/image\/\",\"url\":\"https:\/\/mitraudit.com.tr\/wp-content\/uploads\/2024\/08\/Mitra-Bagimsiz-Denetim-Logo.svg\",\"contentUrl\":\"https:\/\/mitraudit.com.tr\/wp-content\/uploads\/2024\/08\/Mitra-Bagimsiz-Denetim-Logo.svg\",\"width\":773,\"height\":302,\"caption\":\"Mitra Ba\u011f\u0131ms\u0131z Denetim A.\u015e.\"},\"image\":{\"@id\":\"https:\/\/mitraudit.com.tr\/en\/#\/schema\/logo\/image\/\"},\"description\":\"Ba\u011f\u0131ms\u0131z denetimden sermaye piyasas\u0131 dan\u0131\u015fmanl\u0131\u011f\u0131na, vergi hizmetlerinden proje finansman\u0131na ve \u015firket de\u011ferleme deste\u011fine kadar, Mitra ile g\u00fcvenilir, kapsaml\u0131 ve yenilik\u00e7i \u00e7\u00f6z\u00fcmlerle tan\u0131\u015f\u0131n.\",\"email\":\"info@mitraudit.com.tr\",\"telephone\":\"+90 212 813 35 59\",\"legalName\":\"Mitra Ba\u011f\u0131ms\u0131z Denetim A.\u015e.\",\"foundingDate\":\"1999-01-01\",\"numberOfEmployees\":{\"@type\":\"QuantitativeValue\",\"minValue\":\"11\",\"maxValue\":\"50\"},\"publishingPrinciples\":\"https:\/\/mitraudit.com.tr\/gizlilik-cerez-politikasi\/\",\"ownershipFundingInfo\":\"https:\/\/mitraudit.com.tr\/gizlilik-cerez-politikasi\/\",\"actionableFeedbackPolicy\":\"https:\/\/mitraudit.com.tr\/aydinlatma-metni\/\",\"correctionsPolicy\":\"https:\/\/mitraudit.com.tr\/gizlilik-cerez-politikasi\/\",\"ethicsPolicy\":\"https:\/\/mitraudit.com.tr\/aydinlatma-metni\/\",\"diversityPolicy\":\"https:\/\/mitraudit.com.tr\/gizlilik-cerez-politikasi\/\",\"diversityStaffingReport\":\"https:\/\/mitraudit.com.tr\/gizlilik-cerez-politikasi\/\"}]}<\/script>\n<!-- \/ Yoast SEO Premium plugin. -->","yoast_head_json":{"title":"Enterprise Risk Management | Mitra Ba\u011f\u0131ms\u0131z Denetim","description":"Mitra minimizes your business risks with its enterprise risk management solutions and provides sustainability and confidence in your strategic decisions.","robots":{"index":"index","follow":"follow","max-snippet":"max-snippet:-1","max-image-preview":"max-image-preview:large","max-video-preview":"max-video-preview:-1"},"canonical":"https:\/\/mitraudit.com.tr\/en\/our-services\/enterprise-risk-management\/","og_locale":"en_US","og_type":"article","og_title":"Enterprise Risk Management | Mitra Ba\u011f\u0131ms\u0131z Denetim","og_description":"Mitra minimizes your business risks with its enterprise risk management solutions and provides sustainability and confidence in your strategic decisions.","og_url":"https:\/\/mitraudit.com.tr\/en\/our-services\/enterprise-risk-management\/","og_site_name":"Mitra Ba\u011f\u0131ms\u0131z Denetim","article_modified_time":"2024-12-11T19:43:01+00:00","og_image":[{"width":512,"height":512,"url":"https:\/\/mitraudit.com.tr\/wp-content\/uploads\/2024\/07\/Favicon-M-Circled-512x512-min.png","type":"image\/png"}],"twitter_card":"summary_large_image","twitter_misc":{"Est. reading time":"1 minute"},"schema":{"@context":"https:\/\/schema.org","@graph":[{"@type":"WebPage","@id":"https:\/\/mitraudit.com.tr\/en\/our-services\/enterprise-risk-management\/","url":"https:\/\/mitraudit.com.tr\/en\/our-services\/enterprise-risk-management\/","name":"Enterprise Risk Management | Mitra Ba\u011f\u0131ms\u0131z Denetim","isPartOf":{"@id":"https:\/\/mitraudit.com.tr\/en\/#website"},"primaryImageOfPage":{"@id":"https:\/\/mitraudit.com.tr\/en\/our-services\/enterprise-risk-management\/#primaryimage"},"image":{"@id":"https:\/\/mitraudit.com.tr\/en\/our-services\/enterprise-risk-management\/#primaryimage"},"thumbnailUrl":"https:\/\/mitraudit.com.tr\/wp-content\/uploads\/2024\/07\/Favicon-M-Circled-512x512-min.png","datePublished":"2024-08-23T00:42:16+00:00","dateModified":"2024-12-11T19:43:01+00:00","description":"Mitra minimizes your business risks with its enterprise risk management solutions and provides sustainability and confidence in your strategic decisions.","breadcrumb":{"@id":"https:\/\/mitraudit.com.tr\/en\/our-services\/enterprise-risk-management\/#breadcrumb"},"inLanguage":"en-US","potentialAction":[{"@type":"ReadAction","target":["https:\/\/mitraudit.com.tr\/en\/our-services\/enterprise-risk-management\/"]}]},{"@type":"ImageObject","inLanguage":"en-US","@id":"https:\/\/mitraudit.com.tr\/en\/our-services\/enterprise-risk-management\/#primaryimage","url":"https:\/\/mitraudit.com.tr\/wp-content\/uploads\/2024\/07\/Favicon-M-Circled-512x512-min.png","contentUrl":"https:\/\/mitraudit.com.tr\/wp-content\/uploads\/2024\/07\/Favicon-M-Circled-512x512-min.png","width":512,"height":512,"caption":"Favicon"},{"@type":"BreadcrumbList","@id":"https:\/\/mitraudit.com.tr\/en\/our-services\/enterprise-risk-management\/#breadcrumb","itemListElement":[{"@type":"ListItem","position":1,"name":"Home","item":"https:\/\/mitraudit.com.tr\/en\/homepage\/"},{"@type":"ListItem","position":2,"name":"Our Services","item":"https:\/\/mitraudit.com.tr\/en\/our-services\/"},{"@type":"ListItem","position":3,"name":"Enterprise Risk Management"}]},{"@type":"WebSite","@id":"https:\/\/mitraudit.com.tr\/en\/#website","url":"https:\/\/mitraudit.com.tr\/en\/","name":"Mitra Ba\u011f\u0131ms\u0131z Denetim","description":"Sermaye Piyasas\u0131 &amp; Halka Arz","publisher":{"@id":"https:\/\/mitraudit.com.tr\/en\/#organization"},"alternateName":"mitra","potentialAction":[{"@type":"SearchAction","target":{"@type":"EntryPoint","urlTemplate":"https:\/\/mitraudit.com.tr\/en\/?s={search_term_string}"},"query-input":{"@type":"PropertyValueSpecification","valueRequired":true,"valueName":"search_term_string"}}],"inLanguage":"en-US"},{"@type":"Organization","@id":"https:\/\/mitraudit.com.tr\/en\/#organization","name":"Mitra Ba\u011f\u0131ms\u0131z Denetim A.\u015e.","alternateName":"Mitra","url":"https:\/\/mitraudit.com.tr\/en\/","logo":{"@type":"ImageObject","inLanguage":"en-US","@id":"https:\/\/mitraudit.com.tr\/en\/#\/schema\/logo\/image\/","url":"https:\/\/mitraudit.com.tr\/wp-content\/uploads\/2024\/08\/Mitra-Bagimsiz-Denetim-Logo.svg","contentUrl":"https:\/\/mitraudit.com.tr\/wp-content\/uploads\/2024\/08\/Mitra-Bagimsiz-Denetim-Logo.svg","width":773,"height":302,"caption":"Mitra Ba\u011f\u0131ms\u0131z Denetim A.\u015e."},"image":{"@id":"https:\/\/mitraudit.com.tr\/en\/#\/schema\/logo\/image\/"},"description":"Ba\u011f\u0131ms\u0131z denetimden sermaye piyasas\u0131 dan\u0131\u015fmanl\u0131\u011f\u0131na, vergi hizmetlerinden proje finansman\u0131na ve \u015firket de\u011ferleme deste\u011fine kadar, Mitra ile g\u00fcvenilir, kapsaml\u0131 ve yenilik\u00e7i \u00e7\u00f6z\u00fcmlerle tan\u0131\u015f\u0131n.","email":"info@mitraudit.com.tr","telephone":"+90 212 813 35 59","legalName":"Mitra Ba\u011f\u0131ms\u0131z Denetim A.\u015e.","foundingDate":"1999-01-01","numberOfEmployees":{"@type":"QuantitativeValue","minValue":"11","maxValue":"50"},"publishingPrinciples":"https:\/\/mitraudit.com.tr\/gizlilik-cerez-politikasi\/","ownershipFundingInfo":"https:\/\/mitraudit.com.tr\/gizlilik-cerez-politikasi\/","actionableFeedbackPolicy":"https:\/\/mitraudit.com.tr\/aydinlatma-metni\/","correctionsPolicy":"https:\/\/mitraudit.com.tr\/gizlilik-cerez-politikasi\/","ethicsPolicy":"https:\/\/mitraudit.com.tr\/aydinlatma-metni\/","diversityPolicy":"https:\/\/mitraudit.com.tr\/gizlilik-cerez-politikasi\/","diversityStaffingReport":"https:\/\/mitraudit.com.tr\/gizlilik-cerez-politikasi\/"}]}},"_links":{"self":[{"href":"https:\/\/mitraudit.com.tr\/en\/wp-json\/wp\/v2\/pages\/2825","targetHints":{"allow":["GET"]}}],"collection":[{"href":"https:\/\/mitraudit.com.tr\/en\/wp-json\/wp\/v2\/pages"}],"about":[{"href":"https:\/\/mitraudit.com.tr\/en\/wp-json\/wp\/v2\/types\/page"}],"author":[{"embeddable":true,"href":"https:\/\/mitraudit.com.tr\/en\/wp-json\/wp\/v2\/users\/1"}],"replies":[{"embeddable":true,"href":"https:\/\/mitraudit.com.tr\/en\/wp-json\/wp\/v2\/comments?post=2825"}],"version-history":[{"count":1,"href":"https:\/\/mitraudit.com.tr\/en\/wp-json\/wp\/v2\/pages\/2825\/revisions"}],"predecessor-version":[{"id":2830,"href":"https:\/\/mitraudit.com.tr\/en\/wp-json\/wp\/v2\/pages\/2825\/revisions\/2830"}],"up":[{"embeddable":true,"href":"https:\/\/mitraudit.com.tr\/en\/wp-json\/wp\/v2\/pages\/2789"}],"wp:featuredmedia":[{"embeddable":true,"href":"https:\/\/mitraudit.com.tr\/en\/wp-json\/wp\/v2\/media\/2348"}],"wp:attachment":[{"href":"https:\/\/mitraudit.com.tr\/en\/wp-json\/wp\/v2\/media?parent=2825"}],"curies":[{"name":"wp","href":"https:\/\/api.w.org\/{rel}","templated":true}]}}