{"id":2736,"date":"2024-11-06T04:16:35","date_gmt":"2024-11-06T01:16:35","guid":{"rendered":"https:\/\/mitraudit.com.tr\/our-team\/kaan-sertcan\/"},"modified":"2026-01-05T14:02:03","modified_gmt":"2026-01-05T11:02:03","slug":"kaan-sertcan","status":"publish","type":"page","link":"https:\/\/mitraudit.com.tr\/en\/our-team\/kaan-sertcan\/","title":{"rendered":"Kaan Sertcan"},"content":{"rendered":"\t\t<div data-elementor-type=\"wp-page\" data-elementor-id=\"2736\" class=\"elementor elementor-2736 elementor-2586\" data-elementor-post-type=\"page\">\n\t\t\t\t<div class=\"elementor-element elementor-element-f373319 e-flex e-con-boxed e-con e-parent\" data-id=\"f373319\" data-element_type=\"container\" data-settings=\"{&quot;background_background&quot;:&quot;classic&quot;,&quot;shape_divider_bottom&quot;:&quot;triangle&quot;,&quot;shape_divider_bottom_negative&quot;:&quot;yes&quot;,&quot;ekit_has_onepagescroll_dot&quot;:&quot;yes&quot;}\">\n\t\t\t\t\t<div class=\"e-con-inner\">\n\t\t\t\t<div class=\"elementor-shape elementor-shape-bottom\" aria-hidden=\"true\" data-negative=\"true\">\n\t\t\t<svg xmlns=\"http:\/\/www.w3.org\/2000\/svg\" viewBox=\"0 0 1000 100\" preserveAspectRatio=\"none\">\n\t<path class=\"elementor-shape-fill\" d=\"M500.2,94.7L0,0v100h1000V0L500.2,94.7z\"\/>\n<\/svg>\t\t<\/div>\n\t\t<div class=\"elementor-element elementor-element-d86c16c e-con-full e-flex e-con e-child\" data-id=\"d86c16c\" data-element_type=\"container\" data-settings=\"{&quot;ekit_has_onepagescroll_dot&quot;:&quot;yes&quot;}\">\n\t\t\t\t<div class=\"elementor-element elementor-element-6acfa48 elementor-widget elementor-widget-elementskit-heading\" data-id=\"6acfa48\" data-element_type=\"widget\" data-settings=\"{&quot;ekit_we_effect_on&quot;:&quot;none&quot;}\" data-widget_type=\"elementskit-heading.default\">\n\t\t\t\t<div class=\"elementor-widget-container\">\n\t\t\t\t\t<div class=\"ekit-wid-con\" ><div class=\"ekit-heading elementskit-section-title-wraper text_left   ekit_heading_tablet-text_left   ekit_heading_mobile-\"><h2 class=\"ekit-heading--title elementskit-section-title  ekit-heading__title-has-border start\">Our Team<\/h2><\/div><\/div>\t\t\t\t<\/div>\n\t\t\t\t<\/div>\n\t\t\t\t<div class=\"elementor-element elementor-element-dba032d elementor-widget elementor-widget-elementskit-breadcrumb\" data-id=\"dba032d\" data-element_type=\"widget\" data-settings=\"{&quot;ekit_we_effect_on&quot;:&quot;none&quot;}\" data-widget_type=\"elementskit-breadcrumb.default\">\n\t\t\t\t<div class=\"elementor-widget-container\">\n\t\t\t\t\t<div class=\"ekit-wid-con\" ><ol class=\"ekit-breadcrumb\"><li class=\"ekit_breadcrumbs_start\"><a href=\"https:\/\/mitraudit.com.tr\/en\/\">Home<\/a><\/li><\/ol><\/div>\t\t\t\t<\/div>\n\t\t\t\t<\/div>\n\t\t\t\t<\/div>\n\t\t\t\t\t<\/div>\n\t\t\t\t<\/div>\n\t\t<div class=\"elementor-element elementor-element-2960861 e-flex e-con-boxed e-con e-parent\" data-id=\"2960861\" data-element_type=\"container\" data-settings=\"{&quot;ekit_has_onepagescroll_dot&quot;:&quot;yes&quot;}\">\n\t\t\t\t\t<div class=\"e-con-inner\">\n\t\t<div class=\"elementor-element elementor-element-d030c57 e-con-full e-flex elementor-invisible e-con e-child\" data-id=\"d030c57\" data-element_type=\"container\" data-settings=\"{&quot;background_background&quot;:&quot;classic&quot;,&quot;animation&quot;:&quot;fadeInUp&quot;,&quot;ekit_has_onepagescroll_dot&quot;:&quot;yes&quot;}\">\n\t\t<div class=\"elementor-element elementor-element-fefeb59 e-con-full e-flex e-con e-child\" data-id=\"fefeb59\" data-element_type=\"container\" data-settings=\"{&quot;ekit_has_onepagescroll_dot&quot;:&quot;yes&quot;}\">\n\t\t\t\t<div class=\"elementor-element elementor-element-44c3b0f elementor-widget elementor-widget-image\" data-id=\"44c3b0f\" data-element_type=\"widget\" data-settings=\"{&quot;ekit_we_effect_on&quot;:&quot;none&quot;}\" data-widget_type=\"image.default\">\n\t\t\t\t<div class=\"elementor-widget-container\">\n\t\t\t\t\t\t\t\t\t\t\t\t\t\t\t<img fetchpriority=\"high\" decoding=\"async\" width=\"512\" height=\"512\" src=\"https:\/\/mitraudit.com.tr\/wp-content\/uploads\/2024\/09\/people-1.png\" class=\"attachment-full size-full wp-image-2455\" alt=\"\" srcset=\"https:\/\/mitraudit.com.tr\/wp-content\/uploads\/2024\/09\/people-1.png 512w, https:\/\/mitraudit.com.tr\/wp-content\/uploads\/2024\/09\/people-1-300x300.png 300w, https:\/\/mitraudit.com.tr\/wp-content\/uploads\/2024\/09\/people-1-150x150.png 150w\" sizes=\"(max-width: 512px) 100vw, 512px\" \/>\t\t\t\t\t\t\t\t\t\t\t\t\t\t\t<\/div>\n\t\t\t\t<\/div>\n\t\t\t\t<\/div>\n\t\t<div class=\"elementor-element elementor-element-c607223 e-con-full e-flex e-con e-child\" data-id=\"c607223\" data-element_type=\"container\" data-settings=\"{&quot;ekit_has_onepagescroll_dot&quot;:&quot;yes&quot;}\">\n\t\t\t\t<div class=\"elementor-element elementor-element-f643eb1 elementor-widget elementor-widget-heading\" data-id=\"f643eb1\" data-element_type=\"widget\" data-settings=\"{&quot;_animation&quot;:&quot;none&quot;,&quot;ekit_we_effect_on&quot;:&quot;none&quot;}\" data-widget_type=\"heading.default\">\n\t\t\t\t<div class=\"elementor-widget-container\">\n\t\t\t\t\t<h3 class=\"elementor-heading-title elementor-size-default\">Chairman of the Board, Independent Auditor, CICP, CPA<\/h3>\t\t\t\t<\/div>\n\t\t\t\t<\/div>\n\t\t\t\t<div class=\"elementor-element elementor-element-ebe0fd4 elementor-view-default elementor-widget elementor-widget-icon\" data-id=\"ebe0fd4\" data-element_type=\"widget\" data-settings=\"{&quot;ekit_we_effect_on&quot;:&quot;none&quot;}\" data-widget_type=\"icon.default\">\n\t\t\t\t<div class=\"elementor-widget-container\">\n\t\t\t\t\t\t\t<div class=\"elementor-icon-wrapper\">\n\t\t\t<a class=\"elementor-icon\" href=\"#\">\n\t\t\t<svg aria-hidden=\"true\" class=\"e-font-icon-svg e-fab-linkedin-in\" viewBox=\"0 0 448 512\" xmlns=\"http:\/\/www.w3.org\/2000\/svg\"><path d=\"M100.28 448H7.4V148.9h92.88zM53.79 108.1C24.09 108.1 0 83.5 0 53.8a53.79 53.79 0 0 1 107.58 0c0 29.7-24.1 54.3-53.79 54.3zM447.9 448h-92.68V302.4c0-34.7-.7-79.2-48.29-79.2-48.29 0-55.69 37.7-55.69 76.7V448h-92.78V148.9h89.08v40.8h1.3c12.4-23.5 42.69-48.3 87.88-48.3 94 0 111.28 61.9 111.28 142.3V448z\"><\/path><\/svg>\t\t\t<\/a>\n\t\t<\/div>\n\t\t\t\t\t\t<\/div>\n\t\t\t\t<\/div>\n\t\t\t\t<div class=\"elementor-element elementor-element-b89f3d4 elementor-widget elementor-widget-text-editor\" data-id=\"b89f3d4\" data-element_type=\"widget\" data-settings=\"{&quot;ekit_we_effect_on&quot;:&quot;none&quot;}\" data-widget_type=\"text-editor.default\">\n\t\t\t\t<div class=\"elementor-widget-container\">\n\t\t\t\t\t\t\t\t\tSertcan graduated from the Department of Business Administration, Faculty of Economics, Istanbul University and received a Master&#8217;s degree in International Business from the Institute of Social Sciences, Istanbul University. Kaan Sertcan, who has been working in business since 1999, previously joined TAV Airports Holding A.\u015e. after 10 years of experience in the Audit Sector.Sh., IDO Istanbul Sea Buses A.Sh., G\u00fcrsel Tourism A.Sh. He worked professionally in Vialand companies. since 2013, he has been continuing his professional life in the areas of Independent Audit, Corporate Finance, Management consulting and Internal audit, Internal control, Strategic Planning, Budget and Tax laws, which are his areas of expertise. CMB UPS has the titles of Responsible partner Independent Auditor, SMMM, CICP with EMRA licenses.\t\t\t\t\t\t\t\t<\/div>\n\t\t\t\t<\/div>\n\t\t\t\t<\/div>\n\t\t\t\t<\/div>\n\t\t\t\t\t<\/div>\n\t\t\t\t<\/div>\n\t\t<div class=\"elementor-element elementor-element-72ed0a5 e-flex e-con-boxed e-con e-parent\" data-id=\"72ed0a5\" data-element_type=\"container\" data-settings=\"{&quot;ekit_has_onepagescroll_dot&quot;:&quot;yes&quot;}\">\n\t\t\t\t\t<div class=\"e-con-inner\">\n\t\t\t\t<div class=\"elementor-element elementor-element-6f9f005 elementor-align-center elementor-widget elementor-widget-button\" data-id=\"6f9f005\" data-element_type=\"widget\" data-settings=\"{&quot;ekit_we_effect_on&quot;:&quot;none&quot;}\" data-widget_type=\"button.default\">\n\t\t\t\t<div class=\"elementor-widget-container\">\n\t\t\t\t\t\t\t\t\t<div class=\"elementor-button-wrapper\">\n\t\t\t\t\t<a class=\"elementor-button elementor-button-link elementor-size-sm\" href=\"https:\/\/mitraudit.com.tr\/en\/our-team\/\">\n\t\t\t\t\t\t<span class=\"elementor-button-content-wrapper\">\n\t\t\t\t\t\t<span class=\"elementor-button-icon\">\n\t\t\t\t<svg aria-hidden=\"true\" class=\"e-font-icon-svg e-fas-arrow-left\" viewBox=\"0 0 448 512\" xmlns=\"http:\/\/www.w3.org\/2000\/svg\"><path d=\"M257.5 445.1l-22.2 22.2c-9.4 9.4-24.6 9.4-33.9 0L7 273c-9.4-9.4-9.4-24.6 0-33.9L201.4 44.7c9.4-9.4 24.6-9.4 33.9 0l22.2 22.2c9.5 9.5 9.3 25-.4 34.3L136.6 216H424c13.3 0 24 10.7 24 24v32c0 13.3-10.7 24-24 24H136.6l120.5 114.8c9.8 9.3 10 24.8.4 34.3z\"><\/path><\/svg>\t\t\t<\/span>\n\t\t\t\t\t\t\t\t\t<span class=\"elementor-button-text\">Our Team<\/span>\n\t\t\t\t\t<\/span>\n\t\t\t\t\t<\/a>\n\t\t\t\t<\/div>\n\t\t\t\t\t\t\t\t<\/div>\n\t\t\t\t<\/div>\n\t\t\t\t\t<\/div>\n\t\t\t\t<\/div>\n\t\t\t\t<\/div>\n\t\t","protected":false},"excerpt":{"rendered":"<p>Our Team Anasayfa Chairman of the Board, Independent Auditor, CICP, CPA Sertcan graduated from the Department of Business Administration, Faculty of Economics, Istanbul University and received a Master&#8217;s degree in International Business from the Institute of Social Sciences, Istanbul University. Kaan Sertcan, who has been working in business since 1999, previously joined TAV Airports Holding [&hellip;]<\/p>\n","protected":false},"author":1,"featured_media":2348,"parent":2719,"menu_order":0,"comment_status":"closed","ping_status":"closed","template":"","meta":{"footnotes":""},"class_list":["post-2736","page","type-page","status-publish","has-post-thumbnail","hentry"],"yoast_head":"<!-- This site is optimized with the Yoast SEO Premium plugin v25.7.1 (Yoast SEO v25.8) - https:\/\/yoast.com\/wordpress\/plugins\/seo\/ -->\n<title>Kaan Sertcan | Our Team | Mitra Ba\u011f\u0131ms\u0131z Denetim<\/title>\n<meta name=\"description\" content=\"Kaan Sertcan graduated from Istanbul University, Faculty of Economics, Department of Business Administration, Independent Audit, Corporate Finance, Management consultancy...\" \/>\n<meta name=\"robots\" content=\"index, follow, max-snippet:-1, max-image-preview:large, max-video-preview:-1\" \/>\n<link rel=\"canonical\" href=\"https:\/\/mitraudit.com.tr\/en\/our-team\/kaan-sertcan\/\" \/>\n<meta property=\"og:locale\" content=\"en_US\" \/>\n<meta property=\"og:type\" content=\"article\" \/>\n<meta property=\"og:title\" content=\"Kaan Sertcan | Mitra Ba\u011f\u0131ms\u0131z Denetim\" \/>\n<meta property=\"og:description\" content=\"Kaan Sertcan graduated from Istanbul University, Faculty of Economics, Department of Business Administration, Independent Audit, Corporate Finance, Management consultancy...\" \/>\n<meta property=\"og:url\" content=\"https:\/\/mitraudit.com.tr\/en\/our-team\/kaan-sertcan\/\" \/>\n<meta property=\"og:site_name\" content=\"Mitra Ba\u011f\u0131ms\u0131z Denetim\" \/>\n<meta property=\"article:modified_time\" content=\"2026-01-05T11:02:03+00:00\" \/>\n<meta property=\"og:image\" content=\"https:\/\/mitraudit.com.tr\/wp-content\/uploads\/2024\/07\/Favicon-M-Circled-512x512-min.png\" \/>\n\t<meta property=\"og:image:width\" content=\"512\" \/>\n\t<meta property=\"og:image:height\" content=\"512\" \/>\n\t<meta property=\"og:image:type\" content=\"image\/png\" \/>\n<meta name=\"twitter:card\" content=\"summary_large_image\" \/>\n<meta name=\"twitter:label1\" content=\"Est. reading time\" \/>\n\t<meta name=\"twitter:data1\" content=\"1 minute\" \/>\n<script type=\"application\/ld+json\" class=\"yoast-schema-graph\">{\"@context\":\"https:\/\/schema.org\",\"@graph\":[{\"@type\":\"WebPage\",\"@id\":\"https:\/\/mitraudit.com.tr\/en\/our-team\/kaan-sertcan\/\",\"url\":\"https:\/\/mitraudit.com.tr\/en\/our-team\/kaan-sertcan\/\",\"name\":\"Kaan Sertcan | Our Team | Mitra Ba\u011f\u0131ms\u0131z Denetim\",\"isPartOf\":{\"@id\":\"https:\/\/mitraudit.com.tr\/en\/#website\"},\"primaryImageOfPage\":{\"@id\":\"https:\/\/mitraudit.com.tr\/en\/our-team\/kaan-sertcan\/#primaryimage\"},\"image\":{\"@id\":\"https:\/\/mitraudit.com.tr\/en\/our-team\/kaan-sertcan\/#primaryimage\"},\"thumbnailUrl\":\"https:\/\/mitraudit.com.tr\/wp-content\/uploads\/2024\/07\/Favicon-M-Circled-512x512-min.png\",\"datePublished\":\"2024-11-06T01:16:35+00:00\",\"dateModified\":\"2026-01-05T11:02:03+00:00\",\"description\":\"Kaan Sertcan graduated from Istanbul University, Faculty of Economics, Department of Business Administration, Independent Audit, Corporate Finance, Management consultancy...\",\"breadcrumb\":{\"@id\":\"https:\/\/mitraudit.com.tr\/en\/our-team\/kaan-sertcan\/#breadcrumb\"},\"inLanguage\":\"en-US\",\"potentialAction\":[{\"@type\":\"ReadAction\",\"target\":[\"https:\/\/mitraudit.com.tr\/en\/our-team\/kaan-sertcan\/\"]}]},{\"@type\":\"ImageObject\",\"inLanguage\":\"en-US\",\"@id\":\"https:\/\/mitraudit.com.tr\/en\/our-team\/kaan-sertcan\/#primaryimage\",\"url\":\"https:\/\/mitraudit.com.tr\/wp-content\/uploads\/2024\/07\/Favicon-M-Circled-512x512-min.png\",\"contentUrl\":\"https:\/\/mitraudit.com.tr\/wp-content\/uploads\/2024\/07\/Favicon-M-Circled-512x512-min.png\",\"width\":512,\"height\":512,\"caption\":\"Favicon\"},{\"@type\":\"BreadcrumbList\",\"@id\":\"https:\/\/mitraudit.com.tr\/en\/our-team\/kaan-sertcan\/#breadcrumb\",\"itemListElement\":[{\"@type\":\"ListItem\",\"position\":1,\"name\":\"Home\",\"item\":\"https:\/\/mitraudit.com.tr\/en\/homepage\/\"},{\"@type\":\"ListItem\",\"position\":2,\"name\":\"Our Team\",\"item\":\"https:\/\/mitraudit.com.tr\/en\/our-team\/\"},{\"@type\":\"ListItem\",\"position\":3,\"name\":\"Kaan Sertcan\"}]},{\"@type\":\"WebSite\",\"@id\":\"https:\/\/mitraudit.com.tr\/en\/#website\",\"url\":\"https:\/\/mitraudit.com.tr\/en\/\",\"name\":\"Mitra Ba\u011f\u0131ms\u0131z Denetim\",\"description\":\"Sermaye Piyasas\u0131 &amp; Halka Arz\",\"publisher\":{\"@id\":\"https:\/\/mitraudit.com.tr\/en\/#organization\"},\"alternateName\":\"mitra\",\"potentialAction\":[{\"@type\":\"SearchAction\",\"target\":{\"@type\":\"EntryPoint\",\"urlTemplate\":\"https:\/\/mitraudit.com.tr\/en\/?s={search_term_string}\"},\"query-input\":{\"@type\":\"PropertyValueSpecification\",\"valueRequired\":true,\"valueName\":\"search_term_string\"}}],\"inLanguage\":\"en-US\"},{\"@type\":\"Organization\",\"@id\":\"https:\/\/mitraudit.com.tr\/en\/#organization\",\"name\":\"Mitra Ba\u011f\u0131ms\u0131z Denetim A.\u015e.\",\"alternateName\":\"Mitra\",\"url\":\"https:\/\/mitraudit.com.tr\/en\/\",\"logo\":{\"@type\":\"ImageObject\",\"inLanguage\":\"en-US\",\"@id\":\"https:\/\/mitraudit.com.tr\/en\/#\/schema\/logo\/image\/\",\"url\":\"https:\/\/mitraudit.com.tr\/wp-content\/uploads\/2024\/08\/Mitra-Bagimsiz-Denetim-Logo.svg\",\"contentUrl\":\"https:\/\/mitraudit.com.tr\/wp-content\/uploads\/2024\/08\/Mitra-Bagimsiz-Denetim-Logo.svg\",\"width\":773,\"height\":302,\"caption\":\"Mitra Ba\u011f\u0131ms\u0131z Denetim A.\u015e.\"},\"image\":{\"@id\":\"https:\/\/mitraudit.com.tr\/en\/#\/schema\/logo\/image\/\"},\"description\":\"Ba\u011f\u0131ms\u0131z denetimden sermaye piyasas\u0131 dan\u0131\u015fmanl\u0131\u011f\u0131na, vergi hizmetlerinden proje finansman\u0131na ve \u015firket de\u011ferleme deste\u011fine kadar, Mitra ile g\u00fcvenilir, kapsaml\u0131 ve yenilik\u00e7i \u00e7\u00f6z\u00fcmlerle tan\u0131\u015f\u0131n.\",\"email\":\"info@mitraudit.com.tr\",\"telephone\":\"+90 212 813 35 59\",\"legalName\":\"Mitra Ba\u011f\u0131ms\u0131z Denetim A.\u015e.\",\"foundingDate\":\"1999-01-01\",\"numberOfEmployees\":{\"@type\":\"QuantitativeValue\",\"minValue\":\"11\",\"maxValue\":\"50\"},\"publishingPrinciples\":\"https:\/\/mitraudit.com.tr\/gizlilik-cerez-politikasi\/\",\"ownershipFundingInfo\":\"https:\/\/mitraudit.com.tr\/gizlilik-cerez-politikasi\/\",\"actionableFeedbackPolicy\":\"https:\/\/mitraudit.com.tr\/aydinlatma-metni\/\",\"correctionsPolicy\":\"https:\/\/mitraudit.com.tr\/gizlilik-cerez-politikasi\/\",\"ethicsPolicy\":\"https:\/\/mitraudit.com.tr\/aydinlatma-metni\/\",\"diversityPolicy\":\"https:\/\/mitraudit.com.tr\/gizlilik-cerez-politikasi\/\",\"diversityStaffingReport\":\"https:\/\/mitraudit.com.tr\/gizlilik-cerez-politikasi\/\"}]}<\/script>\n<!-- \/ Yoast SEO Premium plugin. -->","yoast_head_json":{"title":"Kaan Sertcan | Our Team | Mitra Ba\u011f\u0131ms\u0131z Denetim","description":"Kaan Sertcan graduated from Istanbul University, Faculty of Economics, Department of Business Administration, Independent Audit, Corporate Finance, Management consultancy...","robots":{"index":"index","follow":"follow","max-snippet":"max-snippet:-1","max-image-preview":"max-image-preview:large","max-video-preview":"max-video-preview:-1"},"canonical":"https:\/\/mitraudit.com.tr\/en\/our-team\/kaan-sertcan\/","og_locale":"en_US","og_type":"article","og_title":"Kaan Sertcan | Mitra Ba\u011f\u0131ms\u0131z Denetim","og_description":"Kaan Sertcan graduated from Istanbul University, Faculty of Economics, Department of Business Administration, Independent Audit, Corporate Finance, Management consultancy...","og_url":"https:\/\/mitraudit.com.tr\/en\/our-team\/kaan-sertcan\/","og_site_name":"Mitra Ba\u011f\u0131ms\u0131z Denetim","article_modified_time":"2026-01-05T11:02:03+00:00","og_image":[{"width":512,"height":512,"url":"https:\/\/mitraudit.com.tr\/wp-content\/uploads\/2024\/07\/Favicon-M-Circled-512x512-min.png","type":"image\/png"}],"twitter_card":"summary_large_image","twitter_misc":{"Est. reading time":"1 minute"},"schema":{"@context":"https:\/\/schema.org","@graph":[{"@type":"WebPage","@id":"https:\/\/mitraudit.com.tr\/en\/our-team\/kaan-sertcan\/","url":"https:\/\/mitraudit.com.tr\/en\/our-team\/kaan-sertcan\/","name":"Kaan Sertcan | Our Team | Mitra Ba\u011f\u0131ms\u0131z Denetim","isPartOf":{"@id":"https:\/\/mitraudit.com.tr\/en\/#website"},"primaryImageOfPage":{"@id":"https:\/\/mitraudit.com.tr\/en\/our-team\/kaan-sertcan\/#primaryimage"},"image":{"@id":"https:\/\/mitraudit.com.tr\/en\/our-team\/kaan-sertcan\/#primaryimage"},"thumbnailUrl":"https:\/\/mitraudit.com.tr\/wp-content\/uploads\/2024\/07\/Favicon-M-Circled-512x512-min.png","datePublished":"2024-11-06T01:16:35+00:00","dateModified":"2026-01-05T11:02:03+00:00","description":"Kaan Sertcan graduated from Istanbul University, Faculty of Economics, Department of Business Administration, Independent Audit, Corporate Finance, Management consultancy...","breadcrumb":{"@id":"https:\/\/mitraudit.com.tr\/en\/our-team\/kaan-sertcan\/#breadcrumb"},"inLanguage":"en-US","potentialAction":[{"@type":"ReadAction","target":["https:\/\/mitraudit.com.tr\/en\/our-team\/kaan-sertcan\/"]}]},{"@type":"ImageObject","inLanguage":"en-US","@id":"https:\/\/mitraudit.com.tr\/en\/our-team\/kaan-sertcan\/#primaryimage","url":"https:\/\/mitraudit.com.tr\/wp-content\/uploads\/2024\/07\/Favicon-M-Circled-512x512-min.png","contentUrl":"https:\/\/mitraudit.com.tr\/wp-content\/uploads\/2024\/07\/Favicon-M-Circled-512x512-min.png","width":512,"height":512,"caption":"Favicon"},{"@type":"BreadcrumbList","@id":"https:\/\/mitraudit.com.tr\/en\/our-team\/kaan-sertcan\/#breadcrumb","itemListElement":[{"@type":"ListItem","position":1,"name":"Home","item":"https:\/\/mitraudit.com.tr\/en\/homepage\/"},{"@type":"ListItem","position":2,"name":"Our Team","item":"https:\/\/mitraudit.com.tr\/en\/our-team\/"},{"@type":"ListItem","position":3,"name":"Kaan Sertcan"}]},{"@type":"WebSite","@id":"https:\/\/mitraudit.com.tr\/en\/#website","url":"https:\/\/mitraudit.com.tr\/en\/","name":"Mitra Ba\u011f\u0131ms\u0131z Denetim","description":"Sermaye Piyasas\u0131 &amp; Halka Arz","publisher":{"@id":"https:\/\/mitraudit.com.tr\/en\/#organization"},"alternateName":"mitra","potentialAction":[{"@type":"SearchAction","target":{"@type":"EntryPoint","urlTemplate":"https:\/\/mitraudit.com.tr\/en\/?s={search_term_string}"},"query-input":{"@type":"PropertyValueSpecification","valueRequired":true,"valueName":"search_term_string"}}],"inLanguage":"en-US"},{"@type":"Organization","@id":"https:\/\/mitraudit.com.tr\/en\/#organization","name":"Mitra Ba\u011f\u0131ms\u0131z Denetim A.\u015e.","alternateName":"Mitra","url":"https:\/\/mitraudit.com.tr\/en\/","logo":{"@type":"ImageObject","inLanguage":"en-US","@id":"https:\/\/mitraudit.com.tr\/en\/#\/schema\/logo\/image\/","url":"https:\/\/mitraudit.com.tr\/wp-content\/uploads\/2024\/08\/Mitra-Bagimsiz-Denetim-Logo.svg","contentUrl":"https:\/\/mitraudit.com.tr\/wp-content\/uploads\/2024\/08\/Mitra-Bagimsiz-Denetim-Logo.svg","width":773,"height":302,"caption":"Mitra Ba\u011f\u0131ms\u0131z Denetim A.\u015e."},"image":{"@id":"https:\/\/mitraudit.com.tr\/en\/#\/schema\/logo\/image\/"},"description":"Ba\u011f\u0131ms\u0131z denetimden sermaye piyasas\u0131 dan\u0131\u015fmanl\u0131\u011f\u0131na, vergi hizmetlerinden proje finansman\u0131na ve \u015firket de\u011ferleme deste\u011fine kadar, Mitra ile g\u00fcvenilir, kapsaml\u0131 ve yenilik\u00e7i \u00e7\u00f6z\u00fcmlerle tan\u0131\u015f\u0131n.","email":"info@mitraudit.com.tr","telephone":"+90 212 813 35 59","legalName":"Mitra Ba\u011f\u0131ms\u0131z Denetim A.\u015e.","foundingDate":"1999-01-01","numberOfEmployees":{"@type":"QuantitativeValue","minValue":"11","maxValue":"50"},"publishingPrinciples":"https:\/\/mitraudit.com.tr\/gizlilik-cerez-politikasi\/","ownershipFundingInfo":"https:\/\/mitraudit.com.tr\/gizlilik-cerez-politikasi\/","actionableFeedbackPolicy":"https:\/\/mitraudit.com.tr\/aydinlatma-metni\/","correctionsPolicy":"https:\/\/mitraudit.com.tr\/gizlilik-cerez-politikasi\/","ethicsPolicy":"https:\/\/mitraudit.com.tr\/aydinlatma-metni\/","diversityPolicy":"https:\/\/mitraudit.com.tr\/gizlilik-cerez-politikasi\/","diversityStaffingReport":"https:\/\/mitraudit.com.tr\/gizlilik-cerez-politikasi\/"}]}},"_links":{"self":[{"href":"https:\/\/mitraudit.com.tr\/en\/wp-json\/wp\/v2\/pages\/2736","targetHints":{"allow":["GET"]}}],"collection":[{"href":"https:\/\/mitraudit.com.tr\/en\/wp-json\/wp\/v2\/pages"}],"about":[{"href":"https:\/\/mitraudit.com.tr\/en\/wp-json\/wp\/v2\/types\/page"}],"author":[{"embeddable":true,"href":"https:\/\/mitraudit.com.tr\/en\/wp-json\/wp\/v2\/users\/1"}],"replies":[{"embeddable":true,"href":"https:\/\/mitraudit.com.tr\/en\/wp-json\/wp\/v2\/comments?post=2736"}],"version-history":[{"count":2,"href":"https:\/\/mitraudit.com.tr\/en\/wp-json\/wp\/v2\/pages\/2736\/revisions"}],"predecessor-version":[{"id":3075,"href":"https:\/\/mitraudit.com.tr\/en\/wp-json\/wp\/v2\/pages\/2736\/revisions\/3075"}],"up":[{"embeddable":true,"href":"https:\/\/mitraudit.com.tr\/en\/wp-json\/wp\/v2\/pages\/2719"}],"wp:featuredmedia":[{"embeddable":true,"href":"https:\/\/mitraudit.com.tr\/en\/wp-json\/wp\/v2\/media\/2348"}],"wp:attachment":[{"href":"https:\/\/mitraudit.com.tr\/en\/wp-json\/wp\/v2\/media?parent=2736"}],"curies":[{"name":"wp","href":"https:\/\/api.w.org\/{rel}","templated":true}]}}